{"id":917,"date":"2023-04-01T14:50:32","date_gmt":"2023-04-01T14:50:32","guid":{"rendered":"https:\/\/uquick.net\/?page_id=917"},"modified":"2023-04-01T14:51:44","modified_gmt":"2023-04-01T14:51:44","slug":"musteri-hizmet","status":"publish","type":"page","link":"https:\/\/uquick.net\/index.php\/musteri-hizmet\/","title":{"rendered":"M\u00fc\u015fteri Hizmet"},"content":{"rendered":"\n<p><strong>Say\u0131n Kullan\u0131c\u0131m\u0131z<\/strong>.<\/p>\n\n\n\n<p>\u00d6ncelikle Yerli \u00fcretim&nbsp; Noise Kablolar\u0131 tercih etti\u011finiz, \u00fclkemizin ekonomisine ve istihdama katk\u0131 sa\u011flad\u0131\u011f\u0131n\u0131z i\u00e7in te\u015fekk\u00fcr ederiz.<\/p>\n\n\n\n<p>\u00dcr\u00fcnlerimizde &nbsp;y\u00fcksek kalite hammaddeler kullan\u0131lm\u0131\u015ft\u0131r.<\/p>\n\n\n\n<p>Sipari\u015finizi teslim ald\u0131\u011f\u0131n\u0131zda ve paketi kontrol ettikten sonra, &nbsp;her \u015fey yolundaysa ve &nbsp;memnun kald\u0131ysan\u0131z,&nbsp; bizleri olumlu puan ve yorumlar\u0131n\u0131z ile destekleyebilir , &nbsp;\u00fclkemize daha uygun fiyata daha kaliteli \u00fcr\u00fcnler \u00fcretmemize katk\u0131da bulunabilirsiniz.<\/p>\n\n\n\n<p>E\u011fer&nbsp; \u00fcr\u00fcnlerimizle ilgili&nbsp; herhangi bir aksakl\u0131k&nbsp; oldu\u011funu d\u00fc\u015f\u00fcn\u00fcyorsan\u0131z, onay vermeden \u00f6nce bu durumu d\u00fczeltebilmemiz i\u00e7in bizlere l\u00fctfen&nbsp; bilgi veriniz.<\/p>\n\n\n\n<p><strong>Herhangi bir sorunda&nbsp; kontrol etmeniz gereken ad\u0131mlar;<\/strong><\/p>\n\n\n\n<p><strong>1.<\/strong> \u015earj adapt\u00f6r\u00fcz\u00fcn sa\u011flam oldugundan emin olun. Gerekirse fakl\u0131 bir \u015farj adapt\u00f6r\u00fcnde kabloyu test edebilirsiniz. G\u00fcn\u00fcm\u00fczde t\u00fcm USB adapt\u00f6r \u00e7\u0131k\u0131\u015flar\u0131 universal olup birbirine uyum sa\u011flamaktad\u0131r.<\/p>\n\n\n\n<p><strong>2. <\/strong>Telefonunuzdaki \u015farj soketi ar\u0131zal\u0131 veya kirli olabilir. Ayn\u0131 \u015farj soketine sahip&nbsp; bir yak\u0131n\u0131n\u0131z varsa farkl\u0131 bir telefonda kabloyu test edebilir veya &nbsp;telefonunuzu bir uzmana g\u00f6sterebilirsiniz.&nbsp; Standart olarak t\u00fcm kablolar\u0131m\u0131z testli olarak paketlenir.<\/p>\n\n\n\n<p><strong>3.<\/strong> \u015earj kablosu tam bak\u0131r iletkenden \u00fcretildi\u011fi i\u00e7in h\u0131zl\u0131 \u015farj i\u015flemine uygundur, bunun i\u00e7in kullanm\u0131\u015f oldu\u011funuz&nbsp; USB ba\u015fl\u0131\u011f\u0131n\u0131z\u0131n da h\u0131zl\u0131 \u015farj uyumlu olmas\u0131 gerekmektedir.<\/p>\n\n\n\n<p><strong>4.<\/strong>Bu denemeleri yapt\u0131ktan sonra kablo ile alakal\u0131 probleminiz devam ediyorsa&nbsp; bizimle ileti\u015fime ge\u00e7ebilir ve size yard\u0131mc\u0131 olabiliriz.<\/p>\n\n\n\n<p>Mail adresimiz: <a href=\"mailto:info@noiseteknoloji.com\">info@noiseteknoloji.com<\/a><\/p>\n\n\n\n<p>Telefon : 0 850 244 11 10<\/p>\n\n\n\n<p>Memnuniyetiniz bizim i\u00e7in \u00f6nemli.<\/p>\n","protected":false},"excerpt":{"rendered":"<p>Say\u0131n Kullan\u0131c\u0131m\u0131z. \u00d6ncelikle Yerli \u00fcretim&nbsp; Noise Kablolar\u0131 tercih etti\u011finiz, \u00fclkemizin ekonomisine ve istihdama katk\u0131 sa\u011flad\u0131\u011f\u0131n\u0131z i\u00e7in te\u015fekk\u00fcr ederiz. \u00dcr\u00fcnlerimizde &nbsp;y\u00fcksek kalite hammaddeler kullan\u0131lm\u0131\u015ft\u0131r. Sipari\u015finizi teslim ald\u0131\u011f\u0131n\u0131zda ve paketi kontrol ettikten sonra, &nbsp;her \u015fey yolundaysa ve &nbsp;memnun kald\u0131ysan\u0131z,&nbsp; bizleri olumlu puan ve yorumlar\u0131n\u0131z ile destekleyebilir , &nbsp;\u00fclkemize daha uygun fiyata daha kaliteli \u00fcr\u00fcnler \u00fcretmemize katk\u0131da bulunabilirsiniz.&hellip;<\/p>\n","protected":false},"author":72,"featured_media":0,"parent":0,"menu_order":0,"comment_status":"closed","ping_status":"closed","template":"","meta":{"footnotes":""},"class_list":["post-917","page","type-page","status-publish","hentry"],"aioseo_notices":[],"_links":{"self":[{"href":"https:\/\/uquick.net\/index.php\/wp-json\/wp\/v2\/pages\/917","targetHints":{"allow":["GET"]}}],"collection":[{"href":"https:\/\/uquick.net\/index.php\/wp-json\/wp\/v2\/pages"}],"about":[{"href":"https:\/\/uquick.net\/index.php\/wp-json\/wp\/v2\/types\/page"}],"author":[{"embeddable":true,"href":"https:\/\/uquick.net\/index.php\/wp-json\/wp\/v2\/users\/72"}],"replies":[{"embeddable":true,"href":"https:\/\/uquick.net\/index.php\/wp-json\/wp\/v2\/comments?post=917"}],"version-history":[{"count":2,"href":"https:\/\/uquick.net\/index.php\/wp-json\/wp\/v2\/pages\/917\/revisions"}],"predecessor-version":[{"id":920,"href":"https:\/\/uquick.net\/index.php\/wp-json\/wp\/v2\/pages\/917\/revisions\/920"}],"wp:attachment":[{"href":"https:\/\/uquick.net\/index.php\/wp-json\/wp\/v2\/media?parent=917"}],"curies":[{"name":"wp","href":"https:\/\/api.w.org\/{rel}","templated":true}]}}