{"id":935,"date":"2023-04-01T15:27:38","date_gmt":"2023-04-01T15:27:38","guid":{"rendered":"https:\/\/uquick.net\/?page_id=935"},"modified":"2023-04-01T15:27:57","modified_gmt":"2023-04-01T15:27:57","slug":"garanti-ve-iade-kosullari","status":"publish","type":"page","link":"https:\/\/uquick.net\/index.php\/garanti-ve-iade-kosullari\/","title":{"rendered":"Garanti ve \u0130ade Ko\u015fullar\u0131"},"content":{"rendered":"\n<h1 class=\"wp-block-heading\">Garanti ve \u0130ade Ko\u015fullar\u0131<\/h1>\n\n\n\n<p><strong><\/strong><strong>Garanti Ko\u015fullar\u0131<\/strong><strong><\/strong><strong><\/strong><strong><\/strong><strong><\/strong><\/p>\n\n\n\n<ul class=\"wp-block-list\">\n<li>T\u00fcm \u00fcr\u00fcnler aksi belirtilmedi\u011fi takdirde \u00fcretici firmalar\u0131n garantisi alt\u0131ndad\u0131r.<br><\/li>\n\n\n\n<li>Garanti ko\u015fullar\u0131n\u0131n ge\u00e7erli olabilmesi i\u00e7in kargo teslimat\u0131 esnas\u0131nda \u00fcr\u00fcn\u00fc mutlaka kontrol ediniz. Herhangi bir hasar g\u00f6rd\u00fc\u011f\u00fcn\u00fczde tutanak tutturarak \u00fcr\u00fcn\u00fc teslim almay\u0131n\u0131z.<br><\/li>\n\n\n\n<li>\u00dcr\u00fcn \u00fczerinde yap\u0131lan de\u011fi\u015fiklikler,\u00fcr\u00fcn\u00fcn deforme olmas\u0131 ya da \u00fcr\u00fcn\u00fcn orijinal dizayn\u0131n\u0131n bozulmas\u0131 garanti kapsam\u0131 d\u0131\u015f\u0131ndad\u0131r.<\/li>\n<\/ul>\n\n\n\n<p><strong>\u00dcr\u00fcn \u0130ade Ko\u015fullar\u0131<\/strong><\/p>\n\n\n\n<ul class=\"wp-block-list\">\n<li>Sitemiz \u00fczerinden sat\u0131n ald\u0131\u011f\u0131n\u0131z \u00fcr\u00fcn\u00fcn hatal\u0131 \u00e7\u0131kmas\u0131 halinde teslimat tarihinden itibaren en ge\u00e7 7 g\u00fcn i\u00e7erisinde sayfam\u0131zdaki online destek b\u00f6l\u00fcm\u00fcnden bizimle ileti\u015fim kurman\u0131z gerekmektedir.<br><\/li>\n\n\n\n<li>Bu bilgileri takiben kargo \u015firketi ile bize ula\u015ft\u0131raca\u011f\u0131n\u0131z hatal\u0131 \u00fcr\u00fcn yenisi ile de\u011fi\u015ftirilecektir.<br><\/li>\n\n\n\n<li>Sipari\u015f edilen \u00fcr\u00fcn hatas\u0131 m\u00fc\u015fteri kullan\u0131m\u0131ndan olu\u015fmu\u015fsa veya 7 g\u00fcnl\u00fck s\u00fcre i\u00e7erisinde \u00fcr\u00fcn kullan\u0131lm\u0131\u015fsa \u00fcr\u00fcn\u00fcn iade ve de\u011fi\u015fimi yap\u0131lmaz.<br><\/li>\n\n\n\n<li>\u00dcr\u00fcn iadesi ve de\u011fi\u015ftirme \u015fartlar\u0131 olarak, 4077 say\u0131l\u0131 T\u00fcketicinin Korunmas\u0131 Hakk\u0131nda Kanun gere\u011fi uygulamalar esast\u0131r.<\/li>\n<\/ul>\n","protected":false},"excerpt":{"rendered":"<p>Garanti ve \u0130ade Ko\u015fullar\u0131 Garanti Ko\u015fullar\u0131 \u00dcr\u00fcn \u0130ade Ko\u015fullar\u0131<\/p>\n","protected":false},"author":72,"featured_media":0,"parent":0,"menu_order":0,"comment_status":"closed","ping_status":"closed","template":"","meta":{"footnotes":""},"class_list":["post-935","page","type-page","status-publish","hentry"],"aioseo_notices":[],"_links":{"self":[{"href":"https:\/\/uquick.net\/index.php\/wp-json\/wp\/v2\/pages\/935","targetHints":{"allow":["GET"]}}],"collection":[{"href":"https:\/\/uquick.net\/index.php\/wp-json\/wp\/v2\/pages"}],"about":[{"href":"https:\/\/uquick.net\/index.php\/wp-json\/wp\/v2\/types\/page"}],"author":[{"embeddable":true,"href":"https:\/\/uquick.net\/index.php\/wp-json\/wp\/v2\/users\/72"}],"replies":[{"embeddable":true,"href":"https:\/\/uquick.net\/index.php\/wp-json\/wp\/v2\/comments?post=935"}],"version-history":[{"count":1,"href":"https:\/\/uquick.net\/index.php\/wp-json\/wp\/v2\/pages\/935\/revisions"}],"predecessor-version":[{"id":936,"href":"https:\/\/uquick.net\/index.php\/wp-json\/wp\/v2\/pages\/935\/revisions\/936"}],"wp:attachment":[{"href":"https:\/\/uquick.net\/index.php\/wp-json\/wp\/v2\/media?parent=935"}],"curies":[{"name":"wp","href":"https:\/\/api.w.org\/{rel}","templated":true}]}}