{"id":938,"date":"2023-04-01T15:35:36","date_gmt":"2023-04-01T15:35:36","guid":{"rendered":"https:\/\/uquick.net\/?page_id=938"},"modified":"2023-04-01T15:36:31","modified_gmt":"2023-04-01T15:36:31","slug":"gizlilik-ve-odeme-guvenligi","status":"publish","type":"page","link":"https:\/\/uquick.net\/index.php\/gizlilik-ve-odeme-guvenligi\/","title":{"rendered":"Gizlilik ve \u00d6deme G\u00fcvenli\u011fi"},"content":{"rendered":"\n<p>Son g\u00fcncelleme tarihi : 10.12.2022<br><br><strong>&nbsp; &nbsp; &nbsp;1. Giri\u015f<br><br>&nbsp; &nbsp; &nbsp;Uquick.net  (<\/strong>Noise teknoloji ith. ihr. san ve tic. ltd \u015fti<strong> )<\/strong>&nbsp;olarak gizlili\u011finize ve verilerinizin g\u00fcvenli\u011fine de\u011fer veriyoruz. Bu nedenle, sizi hangi verileri toplad\u0131\u011f\u0131m\u0131z, veri toplaman\u0131n ama\u00e7lar\u0131 ve verilerinize ili\u015fkin haklar\u0131n\u0131zla ilgili olarak ayd\u0131nlatmak amac\u0131yla bu Gizlilik Politikas\u0131\u2019n\u0131 haz\u0131rlad\u0131k.<br>&nbsp; &nbsp; &nbsp;Bu Gizlilik Politikas\u0131 yaln\u0131zca <a href=\"https:\/\/uquick.net\/\" title=\"https:\/\/uquick.net\/\">https:\/\/uquick.net\/<\/a> internet adresimiz i\u00e7in ge\u00e7erlidir. Bu Gizlilik Politikas\u0131\u2019n\u0131 kabul etmiyorsan\u0131z, internet sitemizi kullanmaya devam etmemelisiniz.<br><br>&nbsp; &nbsp; &nbsp;<strong>2. Di\u011fer internet sitelerine ba\u011flant\u0131lar<\/strong><\/p>\n\n\n\n<p>\u0130nternet sitemizdeki i\u00e7erikler \u00fc\u00e7\u00fcnc\u00fc ki\u015filere ait internet sitelerine ba\u011flant\u0131lar i\u00e7erebilir ve bu internet siteleri i\u00e7in Gizlilik Politikam\u0131z ge\u00e7erli de\u011fildir. Bu internet sitelerine ili\u015fkin hi\u00e7bir sorumluluk kabul edilmez. \u00dc\u00e7\u00fcnc\u00fc ki\u015filere ait internet siteleriyle verilerinizi payla\u015fmadan \u00f6nce onlar\u0131n gizlilik politikalar\u0131n\u0131 okumal\u0131s\u0131n\u0131z.<\/p>\n\n\n\n<p><strong>&nbsp; &nbsp; &nbsp;3. Toplad\u0131\u011f\u0131m\u0131z veriler<\/strong><\/p>\n\n\n\n<p>&nbsp; &nbsp; &nbsp;\u0130nternet sitemize \u00fcye olurken bize do\u011frudan ad, soyad, kullan\u0131c\u0131 ad\u0131 ve eposta adresiniz gibi veriler sa\u011flars\u0131n\u0131z.&nbsp;Haber b\u00fcltenimize abone olmay\u0131 tercih ederseniz, bize do\u011frudan ad, soyad ve eposta adresiniz gibi veriler sa\u011flars\u0131n\u0131z.&nbsp;\u0130nternet sitemizdeki i\u00e7eriklere yorum yaparken ve ayr\u0131ca \u00fcyelik esnas\u0131nda IP adresinizi topluyoruz.&nbsp;uquick.net \u00fczerinde kullan\u0131c\u0131 ad\u0131n\u0131z\u0131 belirleyip profil sayfan\u0131z\u0131n olu\u015fmas\u0131 i\u00e7in SMS onay\u0131 ile mobil telefon numaran\u0131z\u0131 kaydediyoruz.<\/p>\n\n\n\n<p>&nbsp; &nbsp; &nbsp;Online olarak uquick.netetkinliklerine kat\u0131l\u0131m sa\u011flamay\u0131 tercih ederseniz, bize do\u011frudan \u00e7al\u0131\u015ft\u0131\u011f\u0131n\u0131z firma ad\u0131, sekt\u00f6r, departman ve \u00fcnvan gibi veriler sa\u011flars\u0131n\u0131z. Bilet al\u0131m a\u015famas\u0131nda ise bizimle do\u011frudan payla\u015ft\u0131\u011f\u0131n\u0131z telefon numaras\u0131, adres, kredi kart\u0131 ve banka hesap bilgileri gibi verilerinizi sakl\u0131yoruz.&nbsp; &nbsp;<\/p>\n\n\n\n<p>&nbsp; &nbsp; &nbsp;Uquick.netetkinliklerine online olarak kat\u0131l\u0131m sa\u011flaman\u0131z halinde networking \u00f6zelli\u011finden faydalanmak isterseniz ad, soyad, \u00e7al\u0131\u015ft\u0131\u011f\u0131n\u0131z \u015firket, \u00fcnvan ve e\u011fer payla\u015fmay\u0131 tercih ettiyseniz etkinlik s\u00fcresince di\u011fer etkinli\u011fe kat\u0131l\u0131m sa\u011flayanlar taraf\u0131ndan kat\u0131l\u0131m listesi \u00fczerinden g\u00f6r\u00fcnt\u00fclenecektir. Kat\u0131l\u0131m listesinden ayr\u0131lmak isterseniz, g\u00f6r\u00fcnt\u00fc ayarlar\u0131n\u0131z\u0131 kapatman\u0131z yeterli olacakt\u0131r. Networking \u00f6zelli\u011fi \u00e7er\u00e7evesinde bir video g\u00f6r\u00fc\u015fmesi yapman\u0131z halinde ise yaln\u0131zca bu video g\u00f6r\u00fc\u015fmesinin a\u00e7\u0131ld\u0131\u011f\u0131 bilgisi kay\u0131tlar\u0131m\u0131zda yer alacakt\u0131r.<\/p>\n\n\n\n<p>&nbsp; &nbsp; &nbsp;<strong>4. Toplad\u0131\u011f\u0131m\u0131z verileri nas\u0131l kullan\u0131yoruz ?<\/strong><\/p>\n\n\n\n<p>Bize do\u011frudan sa\u011flad\u0131\u011f\u0131n\u0131z verileri, size haber b\u00fcltenleri g\u00f6ndermek, kullan\u0131c\u0131 hesab\u0131n\u0131z\u0131 olu\u015fturmak ve devaml\u0131l\u0131\u011f\u0131n\u0131 sa\u011flamak, internet sitemizdeki \u00f6zelliklerden faydalanabilmeniz, etkinlik biletlerinin sat\u0131\u015f ve temini ile bunlara dair fatura d\u00fczenlenmesi ve sat\u0131\u015f sonras\u0131 hizmetleri sunmak i\u00e7in kullan\u0131yoruz. Bu kullan\u0131m\u0131n yasal dayanaklar\u0131, onay\u0131n\u0131z, bir s\u00f6zle\u015fmenin kurulmas\u0131 ve ifas\u0131, hukuki y\u00fck\u00fcml\u00fcl\u00fcklerimizi yerine getirmemiz i\u00e7in zorunlu olmas\u0131, me\u015fru menfaatlerimiz i\u00e7in veri i\u015flenmesinin zorunlu olmas\u0131 ve kanunlarda a\u00e7\u0131k\u00e7a \u00f6ng\u00f6r\u00fclmesidir. IP adresiniz, 5651 say\u0131l\u0131 \u0130nternet Ortam\u0131nda Yap\u0131lan Yay\u0131nlar\u0131n D\u00fczenlenmesi ve Bu Yay\u0131nlar Yoluyla \u0130\u015flenen Su\u00e7larla M\u00fccadele Edilmesi Hakk\u0131nda Kanun\u2019dan kaynaklanan yasal y\u00fck\u00fcml\u00fcl\u00fc\u011f\u00fcm\u00fcz\u00fc yerine getirmek amac\u0131yla toplan\u0131r ve saklan\u0131r.<\/p>\n\n\n\n<p>&nbsp; &nbsp; &nbsp;<strong>5.&nbsp;Verilerinizi ne kadar s\u00fcreyle sakl\u0131yoruz ?<\/strong><\/p>\n\n\n\n<p>&nbsp;\u00dcye olurken do\u011frudan payla\u015ft\u0131\u011f\u0131n\u0131z verileri internet sitemize \u00fcyeli\u011finiz devam etti\u011fi s\u00fcrece sistemlerimizde sakl\u0131yoruz.<br>&nbsp; &nbsp; &nbsp;Haber b\u00fcltenimize abone olurken do\u011frudan payla\u015ft\u0131\u011f\u0131n\u0131z veriler abonelikten ayr\u0131lana kadar sistemlerimizde saklan\u0131r.<br>&nbsp; &nbsp; &nbsp;IP adresiniz, sistemlerimizde 1 y\u0131ll\u0131\u011f\u0131na saklan\u0131r.<\/p>\n\n\n\n<p>&nbsp; &nbsp; &nbsp;Online olarak uquick.net etkinliklerine kat\u0131l\u0131m sa\u011flayarak bizimle do\u011frudan payla\u015ft\u0131\u011f\u0131n\u0131z verileri ve networking \u00f6zelli\u011fi \u00e7er\u00e7evesinde toplad\u0131\u011f\u0131m\u0131z verileri \u00fcyelik s\u00fcresince sistemlerimizde sakl\u0131yoruz.<\/p>\n\n\n\n<p>&nbsp; &nbsp; &nbsp;Online bilet al\u0131m\u0131 a\u015famas\u0131nda bizimle do\u011frudan payla\u015ft\u0131\u011f\u0131n\u0131z veriler, sistemlerimizde 3 y\u0131l s\u00fcreyle saklan\u0131r.<\/p>\n\n\n\n<p>&nbsp; &nbsp; &nbsp;<strong>6.&nbsp;Verilerinizin payla\u015f\u0131m\u0131<\/strong><\/p>\n\n\n\n<p>&nbsp; &nbsp; &nbsp;Yasal y\u00fck\u00fcml\u00fcl\u00fcklerimizi yerine getirmek i\u00e7in resmi merciler ve mahkemelerden gelen ba\u011flay\u0131c\u0131 taleplere cevap vermek amac\u0131 d\u0131\u015f\u0131nda verilerinizi 3. ki\u015filerle payla\u015fm\u0131yoruz.<\/p>\n\n\n\n<p>&nbsp; &nbsp; &nbsp;<strong>7. \u00c7erezler<\/strong><\/p>\n\n\n\n<p>&nbsp;\u00c7erezler, tercihlerinizi ve hareketlerinizi tan\u0131mak i\u00e7in internet siteleri taraf\u0131ndan taray\u0131c\u0131n\u0131za yerle\u015ftirilen basit metin dosyalar\u0131d\u0131r.&nbsp;Yaln\u0131zca dil tercihleriniz i\u00e7in kullan\u0131c\u0131 aray\u00fcz\u00fc iyile\u015ftirme \u00e7erezleri kullan\u0131yoruz.&nbsp;Taray\u0131c\u0131n\u0131z\u0131n ayarlar\u0131ndan \u00e7erezleri y\u00f6netebilirsiniz.<\/p>\n\n\n\n<p>&nbsp; &nbsp; &nbsp;<strong>8. Ya\u015f S\u0131n\u0131r\u0131<\/strong><\/p>\n\n\n\n<p>\u0130nternet sitemizin 18 ya\u015f\u0131ndaki veya \u00fczerindeki ki\u015filere sunulmas\u0131 ama\u00e7lanm\u0131\u015ft\u0131r ve en az 18 ya\u015f\u0131nda de\u011filseniz sitemizi kullanmamal\u0131s\u0131n\u0131z. 18 ya\u015f\u0131ndan k\u00fc\u00e7\u00fcklere ait ki\u015fisel verileri i\u015fledi\u011fimizden haberdar olursak, bu ki\u015fisel verileri hemen silece\u011fiz.<\/p>\n\n\n\n<p>&nbsp; &nbsp; &nbsp;<strong>9.&nbsp;Ki\u015fisel verilerinize ili\u015fkin haklar\u0131n\u0131z<\/strong><\/p>\n\n\n\n<p>A\u015fa\u011f\u0131da a\u00e7\u0131klanan haklar\u0131n\u0131z\u0131&nbsp;<strong>satis@noiseteknoloji.com<\/strong>&nbsp;adresine eposta g\u00f6ndererek kullanabilirsiniz.<\/p>\n\n\n\n<ul class=\"wp-block-list\">\n<li>Ki\u015fisel verilerinizin i\u015flenip i\u015flenmedi\u011fini \u00f6\u011frenme hakk\u0131<\/li>\n\n\n\n<li>Ki\u015fisel verileriniz i\u015flenmi\u015fse buna ili\u015fkin bilgi ve kopyalar\u0131n\u0131 talep etme hakk\u0131<\/li>\n\n\n\n<li>Ki\u015fisel verilerin i\u015flenme amac\u0131n\u0131 ve bunlar\u0131n amac\u0131na uygun kullan\u0131l\u0131p kullan\u0131lmad\u0131\u011f\u0131n\u0131 \u00f6\u011frenme hakk\u0131<\/li>\n\n\n\n<li>Yurt i\u00e7inde veya yurt d\u0131\u015f\u0131nda ki\u015fisel verilerin aktar\u0131ld\u0131\u011f\u0131 \u00fc\u00e7\u00fcnc\u00fc ki\u015fileri bilme hakk\u0131<\/li>\n\n\n\n<li>Ki\u015fisel verilerin eksik veya yanl\u0131\u015f i\u015flenmi\u015f olmas\u0131 h\u00e2linde bunlar\u0131n d\u00fczeltilmesini isteme hakk\u0131<\/li>\n\n\n\n<li>Ki\u015fisel verilerin silinmesini veya yok edilmesini isteme hakk\u0131<\/li>\n\n\n\n<li>Ki\u015fisel verilerin d\u00fczeltilmesi, silinmesi vey ok edilmesinin ki\u015fisel verilerin aktar\u0131ld\u0131\u011f\u0131 \u00fc\u00e7\u00fcnc\u00fc ki\u015filere bildirilmesini isteme hakk\u0131<\/li>\n\n\n\n<li>\u0130\u015flenen verilerin m\u00fcnhas\u0131ran otomatik sistemler vas\u0131tas\u0131yla analiz edilmesi suretiyle aleyhinize bir sonucun ortaya \u00e7\u0131kmas\u0131na itiraz etme hakk\u0131<\/li>\n\n\n\n<li>Ki\u015fisel verilerin kanuna ayk\u0131r\u0131 olarak i\u015flenmesi sebebiyle zarara u\u011framan\u0131z h\u00e2linde zarar\u0131n giderilmesini talep etme hakk\u0131<\/li>\n\n\n\n<li>Ki\u015fisel verilerinizin tamam\u0131n\u0131n veya bir k\u0131sm\u0131n\u0131n i\u015flenmesine son verilmesini talep etme hakk\u0131<\/li>\n\n\n\n<li>\u0130\u015flenen ki\u015fisel verilerinizin elektronik formatta bir kopyas\u0131n\u0131 isteme ve bunlar\u0131n bir ba\u015fka ki\u015fiye iletimini talep etme hakk\u0131<\/li>\n\n\n\n<li>Ki\u015fisel verilerinizi i\u015flememize istedi\u011finiz zaman itiraz etme hakk\u0131<\/li>\n<\/ul>\n\n\n\n<p>&nbsp; &nbsp; &nbsp;<strong>10.&nbsp;Gizlilik Politikam\u0131zda de\u011fi\u015fiklikler<\/strong><\/p>\n\n\n\n<p>Gizlilik Politikam\u0131zda her zaman de\u011fi\u015fiklik yapabiliriz. Esasl\u0131 de\u011fi\u015fiklikler yapt\u0131\u011f\u0131m\u0131zda size bunlar\u0131 bildirece\u011fiz.<\/p>\n\n\n\n<p>&nbsp; &nbsp; &nbsp;<strong>11.&nbsp;Bizimle ileti\u015fime ge\u00e7in<\/strong><\/p>\n\n\n\n<p>Bizimle her zaman&nbsp;<strong>satis@noiseteknoloji.com<\/strong>&nbsp;veya a\u015fa\u011f\u0131daki posta adresine yazarak bu Gizlilik Politikas\u0131\u2019yla ilgili sorular\u0131n\u0131z ve yorumlar\u0131n\u0131z hakk\u0131nda ileti\u015fime ge\u00e7ebilirsiniz.<\/p>\n","protected":false},"excerpt":{"rendered":"<p>Son g\u00fcncelleme tarihi : 10.12.2022 &nbsp; &nbsp; &nbsp;1. Giri\u015f &nbsp; &nbsp; &nbsp;Uquick.net (Noise teknoloji ith. ihr. san ve tic. ltd \u015fti )&nbsp;olarak gizlili\u011finize ve verilerinizin g\u00fcvenli\u011fine de\u011fer veriyoruz. Bu nedenle, sizi hangi verileri toplad\u0131\u011f\u0131m\u0131z, veri toplaman\u0131n ama\u00e7lar\u0131 ve verilerinize ili\u015fkin haklar\u0131n\u0131zla ilgili olarak ayd\u0131nlatmak amac\u0131yla bu Gizlilik Politikas\u0131\u2019n\u0131 haz\u0131rlad\u0131k.&nbsp; &nbsp; &nbsp;Bu Gizlilik Politikas\u0131 yaln\u0131zca https:\/\/uquick.net\/&hellip;<\/p>\n","protected":false},"author":72,"featured_media":0,"parent":0,"menu_order":0,"comment_status":"closed","ping_status":"closed","template":"","meta":{"footnotes":""},"class_list":["post-938","page","type-page","status-publish","hentry"],"aioseo_notices":[],"_links":{"self":[{"href":"https:\/\/uquick.net\/index.php\/wp-json\/wp\/v2\/pages\/938","targetHints":{"allow":["GET"]}}],"collection":[{"href":"https:\/\/uquick.net\/index.php\/wp-json\/wp\/v2\/pages"}],"about":[{"href":"https:\/\/uquick.net\/index.php\/wp-json\/wp\/v2\/types\/page"}],"author":[{"embeddable":true,"href":"https:\/\/uquick.net\/index.php\/wp-json\/wp\/v2\/users\/72"}],"replies":[{"embeddable":true,"href":"https:\/\/uquick.net\/index.php\/wp-json\/wp\/v2\/comments?post=938"}],"version-history":[{"count":2,"href":"https:\/\/uquick.net\/index.php\/wp-json\/wp\/v2\/pages\/938\/revisions"}],"predecessor-version":[{"id":940,"href":"https:\/\/uquick.net\/index.php\/wp-json\/wp\/v2\/pages\/938\/revisions\/940"}],"wp:attachment":[{"href":"https:\/\/uquick.net\/index.php\/wp-json\/wp\/v2\/media?parent=938"}],"curies":[{"name":"wp","href":"https:\/\/api.w.org\/{rel}","templated":true}]}}