{"id":1127,"date":"2024-05-28T09:33:28","date_gmt":"2024-05-28T09:33:28","guid":{"rendered":"https:\/\/uquick.net\/?post_type=product&#038;p=1127"},"modified":"2026-03-11T07:33:40","modified_gmt":"2026-03-11T07:33:40","slug":"3-metre-type-c-usb-sarj-kablosu-metal-baslikli-2","status":"publish","type":"product","link":"https:\/\/uquick.net\/index.php\/product\/3-metre-type-c-usb-sarj-kablosu-metal-baslikli-2\/","title":{"rendered":"TypeC, Micro, Lightning 3\u00fc Bir Arada Kablo"},"content":{"rendered":"<p><strong>*Android ve di\u011fer t\u00fcm cihazlar\u0131 \u015farj etmek i\u00e7in kullan\u0131l\u0131r<\/strong><br \/>\n<strong>*Data aktar\u0131m\u0131 yoktur<\/strong><br \/>\n<strong>*54k direnci ile\u00a0 Tam koruma ve ak\u0131m iletimi sa\u011flar<\/strong><br \/>\n<strong>*Y\u00fcksek kalite soketler kullan\u0131lm\u0131\u015ft\u0131r<\/strong><br \/>\n<strong>* Ekstra kal\u0131n (4.2mm)\u00a0 ve yumu\u015fak kablosu ile tam performans sa\u011flar.<\/strong><br \/>\n<strong>*Belirli adetler \u00fczerine ba\u015fl\u0131k \u00fczeri markaland\u0131r\u0131labilir.<\/strong><\/p>\n<p>* Ak\u0131ll\u0131 \u00e7ip sistemi ile ciha\u0131n\u0131z\u0131n olas\u0131 sorunlara kar\u015f\u0131 g\u00fcvenli\u011fini sa\u011flar. Elektrik dengesizli\u011fi yada adapt\u00f6r ar\u0131zalar\u0131nda , g\u00fcvenlik cipleri devreye girer ve cihaz\u0131n\u0131z\u0131n ba\u011flant\u0131s\u0131n\u0131 otomatik keser.<\/p>\n<p>*D\u00fczenli \u015farj ak\u0131m\u0131 ile batarya \u00f6mr\u00fcn\u00fc korur.<\/p>\n<p style=\"text-align: center;\">\n","protected":false},"excerpt":{"rendered":"<p><strong>Model No::<\/strong> Ana3<br \/>\n<strong>\u00dcr\u00fcn Tipi:<\/strong> \u015earj ve Data Kablosu<br \/>\n<strong>Uyumlu Marka:<\/strong>TypeC, Micro, Lightning<br \/>\n<strong>Uzunluk:<\/strong> 1 metre<br \/>\n<strong>\u00c7\u0131k\u0131\u015f voltaj\u0131 ve Ak\u0131m\u0131:<\/strong> 5 V\u00a0 3A\u00a0 \u00a0\u00a0 15Wat<br \/>\n<strong>Data aktar\u0131m\u0131<\/strong> : Yok<br \/>\n<strong>Kablo iletkeni<\/strong>: Bak\u0131r<br \/>\n<strong>Ba\u011flant\u0131lar:<\/strong> USB- TypeC, Micro, Lightning<br \/>\n<strong>\u00dcretici Garantisi:<\/strong> 2 Y\u0131l<br \/>\n<strong>\u00dcretim yeri<\/strong> T\u00fcrkiye<\/p>\n","protected":false},"featured_media":1128,"comment_status":"open","ping_status":"closed","template":"","meta":[],"product_brand":[],"product_cat":[48,17,19,18,33],"product_tag":[],"class_list":{"0":"post-1127","1":"product","2":"type-product","3":"status-publish","4":"has-post-thumbnail","6":"product_cat-sarj-kablolari","7":"product_cat-mikro-usb","8":"product_cat-lightning-kablo","9":"product_cat-type-c-kablo","10":"product_cat-promosyon-ve-markalama","12":"first","13":"instock","14":"taxable","15":"shipping-taxable","16":"purchasable","17":"product-type-simple","18":"col-xs-6 col-sm-4","19":"col-md-3 col-lg-2","20":"un-6-cols"},"aioseo_notices":[],"_links":{"self":[{"href":"https:\/\/uquick.net\/index.php\/wp-json\/wp\/v2\/product\/1127","targetHints":{"allow":["GET"]}}],"collection":[{"href":"https:\/\/uquick.net\/index.php\/wp-json\/wp\/v2\/product"}],"about":[{"href":"https:\/\/uquick.net\/index.php\/wp-json\/wp\/v2\/types\/product"}],"replies":[{"embeddable":true,"href":"https:\/\/uquick.net\/index.php\/wp-json\/wp\/v2\/comments?post=1127"}],"wp:featuredmedia":[{"embeddable":true,"href":"https:\/\/uquick.net\/index.php\/wp-json\/wp\/v2\/media\/1128"}],"wp:attachment":[{"href":"https:\/\/uquick.net\/index.php\/wp-json\/wp\/v2\/media?parent=1127"}],"wp:term":[{"taxonomy":"product_brand","embeddable":true,"href":"https:\/\/uquick.net\/index.php\/wp-json\/wp\/v2\/product_brand?post=1127"},{"taxonomy":"product_cat","embeddable":true,"href":"https:\/\/uquick.net\/index.php\/wp-json\/wp\/v2\/product_cat?post=1127"},{"taxonomy":"product_tag","embeddable":true,"href":"https:\/\/uquick.net\/index.php\/wp-json\/wp\/v2\/product_tag?post=1127"}],"curies":[{"name":"wp","href":"https:\/\/api.w.org\/{rel}","templated":true}]}}