{"id":1143,"date":"2024-06-07T09:34:07","date_gmt":"2024-06-07T09:34:07","guid":{"rendered":"https:\/\/uquick.net\/?post_type=product&#038;p=1143"},"modified":"2026-03-11T07:33:40","modified_gmt":"2026-03-11T07:33:40","slug":"type-c-to-type-c-sarj-kablosu-100cm-kopya","status":"publish","type":"product","link":"https:\/\/uquick.net\/index.php\/product\/type-c-to-type-c-sarj-kablosu-100cm-kopya\/","title":{"rendered":"Type-C to Type-c \u015farj kablosu 120cm"},"content":{"rendered":"<p><strong>*Y\u00fcksek kalite soketler kullan\u0131lm\u0131\u015ft\u0131r<\/strong><br \/>\n<strong>* Ekstra kal\u0131n (4.2mm)\u00a0 ve yumu\u015fak kablosu ile tam performans sa\u011flar,<\/strong><br \/>\n<strong>*Kal\u0131n ve ekstra yumu\u015fak kablo ile cok kullan\u0131\u015fl\u0131<\/strong><br \/>\n<strong>*Belirli adetler \u00fczerine ba\u015fl\u0131k \u00fczeri markaland\u0131r\u0131labilir.<\/strong><br \/>\n<strong>*Stokta olmayan adetlerin \u00fcretimi i\u00e7in ileti\u015fime ge\u00e7ebilirsiniz.<\/strong><br \/>\n* Ak\u0131ll\u0131 \u00e7ip sistemi ile ciha\u0131n\u0131z\u0131n olas\u0131 sorunlara kar\u015f\u0131 g\u00fcvenli\u011fini sa\u011flar. Elektrik dengesizli\u011fi yada adapt\u00f6r ar\u0131zalar\u0131nda , g\u00fcvenlik cipleri devreye girer ve cihaz\u0131n\u0131z\u0131n ba\u011flant\u0131s\u0131n\u0131 otomatik keser.<\/p>\n<p>*D\u00fczenli \u015farj ak\u0131m\u0131 ile batarya \u00f6mr\u00fcn\u00fc korur.<\/p>\n<p style=\"text-align: center;\"><strong>Daha fazla \u00fcr\u00fcn talebi i\u00e7in ileti\u015fime ge\u00e7iniz.<\/strong><\/p>\n<h3 style=\"text-align: center;\"><\/h3>\n<p style=\"text-align: center;\">\n","protected":false},"excerpt":{"rendered":"<p><strong>Model No:<\/strong> PDTN120<br \/>\n<strong>\u00dcr\u00fcn Tipi:<\/strong> \u015earj ve Data Kablosu<br \/>\n<strong>Uyumlu Marka:<\/strong>T\u00fcm Type-C giri\u015fli Cihazlara Uyumludur.<br \/>\n<strong>Uzunluk:<\/strong> 1,2 metre<br \/>\n<strong>\u00c7\u0131k\u0131\u015f voltaj\u0131 ve Ak\u0131m\u0131:<\/strong> 5 V\/9V\u00a0 \u00a0 \u00a05A\u00a0 \u00a0 \u00a045Wat<br \/>\n<strong>Data aktar\u0131m\u0131<\/strong> : 480Mbps<br \/>\n<strong>Kablo iletkeni<\/strong>: Bak\u0131r<br \/>\n<strong>Ba\u011flant\u0131lar:<\/strong> Type-C &#8211; Type-C<br \/>\n<strong>\u00dcretici Garantisi:<\/strong> 2 Y\u0131l<br \/>\n<strong>\u00dcretim yeri<\/strong> T\u00fcrkiye<\/p>\n","protected":false},"featured_media":1144,"comment_status":"open","ping_status":"closed","template":"","meta":[],"product_brand":[],"product_cat":[48,18,38,33],"product_tag":[],"class_list":{"0":"post-1143","1":"product","2":"type-product","3":"status-publish","4":"has-post-thumbnail","6":"product_cat-sarj-kablolari","7":"product_cat-type-c-kablo","8":"product_cat-n-serisi","9":"product_cat-promosyon-ve-markalama","11":"first","12":"instock","13":"taxable","14":"shipping-taxable","15":"purchasable","16":"product-type-simple","17":"col-xs-6 col-sm-4","18":"col-md-3 col-lg-2","19":"un-6-cols"},"aioseo_notices":[],"_links":{"self":[{"href":"https:\/\/uquick.net\/index.php\/wp-json\/wp\/v2\/product\/1143","targetHints":{"allow":["GET"]}}],"collection":[{"href":"https:\/\/uquick.net\/index.php\/wp-json\/wp\/v2\/product"}],"about":[{"href":"https:\/\/uquick.net\/index.php\/wp-json\/wp\/v2\/types\/product"}],"replies":[{"embeddable":true,"href":"https:\/\/uquick.net\/index.php\/wp-json\/wp\/v2\/comments?post=1143"}],"wp:featuredmedia":[{"embeddable":true,"href":"https:\/\/uquick.net\/index.php\/wp-json\/wp\/v2\/media\/1144"}],"wp:attachment":[{"href":"https:\/\/uquick.net\/index.php\/wp-json\/wp\/v2\/media?parent=1143"}],"wp:term":[{"taxonomy":"product_brand","embeddable":true,"href":"https:\/\/uquick.net\/index.php\/wp-json\/wp\/v2\/product_brand?post=1143"},{"taxonomy":"product_cat","embeddable":true,"href":"https:\/\/uquick.net\/index.php\/wp-json\/wp\/v2\/product_cat?post=1143"},{"taxonomy":"product_tag","embeddable":true,"href":"https:\/\/uquick.net\/index.php\/wp-json\/wp\/v2\/product_tag?post=1143"}],"curies":[{"name":"wp","href":"https:\/\/api.w.org\/{rel}","templated":true}]}}