{"id":1194,"date":"2024-06-20T14:53:18","date_gmt":"2024-06-20T14:53:18","guid":{"rendered":"https:\/\/uquick.net\/?post_type=product&#038;p=1194"},"modified":"2026-03-11T07:33:40","modified_gmt":"2026-03-11T07:33:40","slug":"2-1a-adaptor-apple-lightning-usb-kablo-set","status":"publish","type":"product","link":"https:\/\/uquick.net\/index.php\/product\/2-1a-adaptor-apple-lightning-usb-kablo-set\/","title":{"rendered":"2.1A Adapt\u00f6r + Apple Lightning USB Kablo Set"},"content":{"rendered":"<ul>\n<li>usb 2.1a h\u0131zl\u0131 \u015farj cihaz\u0131 10,5 w t\u00fcm androidler orjinal \u015farj aleti 2.1a \/ 10.5w usb-A seyahat \u015farj aleti<\/li>\n<li>T\u00fcm mobil cihazlar ile uyumlu ak\u0131ll\u0131 \u00e7ip<\/li>\n<li>G\u00fcvenli \u015farj i\u00e7in ak\u0131m korumal\u0131<\/li>\n<li>Telefonunuzu tan\u0131r ve maksimum h\u0131zda \u015farj eder<\/li>\n<li>100cm micro- Usb kablosu<\/li>\n<li>G\u00fcvenli \u015farj i\u00e7in ak\u0131m korumal\u0131<\/li>\n<li>Kolay ta\u015f\u0131nabilir kompakt tasar\u0131m<\/li>\n<\/ul>\n","protected":false},"excerpt":{"rendered":"<p>usb 2.1a h\u0131zl\u0131 \u015farj cihaz\u0131 10,5 w t\u00fcm androidler orjinal \u015farj aleti 2.1a \/ 10.5w usb-A seyahat \u015farj aleti T\u00fcm mobil cihazlar ile uyumlu ak\u0131ll\u0131 \u00e7ip G\u00fcvenli \u015farj i\u00e7in ak\u0131m korumal\u0131 Telefonunuzu tan\u0131r ve maksimum h\u0131zda \u015farj eder 100cm micro- Usb kablosu G\u00fcvenli \u015farj i\u00e7in ak\u0131m korumal\u0131 Kolay ta\u015f\u0131nabilir kompakt tasar\u0131m<\/p>\n","protected":false},"featured_media":1195,"comment_status":"open","ping_status":"closed","template":"","meta":[],"product_brand":[],"product_cat":[46,49],"product_tag":[],"class_list":{"0":"post-1194","1":"product","2":"type-product","3":"status-publish","4":"has-post-thumbnail","6":"product_cat-adp","7":"product_cat-adaptor-ve-kablo-setleri","9":"first","10":"instock","11":"taxable","12":"shipping-taxable","13":"purchasable","14":"product-type-simple","15":"col-xs-6 col-sm-4","16":"col-md-3 col-lg-2","17":"un-6-cols"},"aioseo_notices":[],"_links":{"self":[{"href":"https:\/\/uquick.net\/index.php\/wp-json\/wp\/v2\/product\/1194","targetHints":{"allow":["GET"]}}],"collection":[{"href":"https:\/\/uquick.net\/index.php\/wp-json\/wp\/v2\/product"}],"about":[{"href":"https:\/\/uquick.net\/index.php\/wp-json\/wp\/v2\/types\/product"}],"replies":[{"embeddable":true,"href":"https:\/\/uquick.net\/index.php\/wp-json\/wp\/v2\/comments?post=1194"}],"wp:featuredmedia":[{"embeddable":true,"href":"https:\/\/uquick.net\/index.php\/wp-json\/wp\/v2\/media\/1195"}],"wp:attachment":[{"href":"https:\/\/uquick.net\/index.php\/wp-json\/wp\/v2\/media?parent=1194"}],"wp:term":[{"taxonomy":"product_brand","embeddable":true,"href":"https:\/\/uquick.net\/index.php\/wp-json\/wp\/v2\/product_brand?post=1194"},{"taxonomy":"product_cat","embeddable":true,"href":"https:\/\/uquick.net\/index.php\/wp-json\/wp\/v2\/product_cat?post=1194"},{"taxonomy":"product_tag","embeddable":true,"href":"https:\/\/uquick.net\/index.php\/wp-json\/wp\/v2\/product_tag?post=1194"}],"curies":[{"name":"wp","href":"https:\/\/api.w.org\/{rel}","templated":true}]}}