{"id":1208,"date":"2024-08-13T08:30:53","date_gmt":"2024-08-13T08:30:53","guid":{"rendered":"https:\/\/uquick.net\/?post_type=product&#038;p=1208"},"modified":"2026-03-11T07:33:40","modified_gmt":"2026-03-11T07:33:40","slug":"45w-samsung-xiaomi-huawei-cep-telefonu-icin-super-hizli-sarj-type-c-sarj-kablosu-cift-kafa-erkek-3-4a","status":"publish","type":"product","link":"https:\/\/uquick.net\/index.php\/product\/45w-samsung-xiaomi-huawei-cep-telefonu-icin-super-hizli-sarj-type-c-sarj-kablosu-cift-kafa-erkek-3-4a\/","title":{"rendered":"45W Samsung Xiaomi Huawei cep telefonu i\u00e7in S\u00fcper h\u0131zl\u0131 \u015earj Type-c \u015farj kablosu \u00e7ift kafa erkek 3.4A"},"content":{"rendered":"<h2 class=\"title--title--O6xcB1q\" data-spm-anchor-id=\"a2g0o.detail.0.i11.5b82YrcYYrcY3w\">Genel Bak\u0131\u015f<\/h2>\n<h1><img loading=\"lazy\" decoding=\"async\" class=\"size-medium wp-image-1211 alignleft\" src=\"https:\/\/uquick.net\/wp-content\/uploads\/2024\/08\/H4462c859d2c24f81b545803b590e133dE-201x300.jpg\" alt=\"\" width=\"201\" height=\"300\" srcset=\"https:\/\/uquick.net\/wp-content\/uploads\/2024\/08\/H4462c859d2c24f81b545803b590e133dE-201x300.jpg 201w, https:\/\/uquick.net\/wp-content\/uploads\/2024\/08\/H4462c859d2c24f81b545803b590e133dE-600x897.jpg 600w, https:\/\/uquick.net\/wp-content\/uploads\/2024\/08\/H4462c859d2c24f81b545803b590e133dE-685x1024.jpg 685w, https:\/\/uquick.net\/wp-content\/uploads\/2024\/08\/H4462c859d2c24f81b545803b590e133dE-768x1148.jpg 768w, https:\/\/uquick.net\/wp-content\/uploads\/2024\/08\/H4462c859d2c24f81b545803b590e133dE.jpg 800w\" sizes=\"auto, (max-width: 201px) 100vw, 201px\" \/>1mt\u00a0 h\u0131zl\u0131 \u015farj TypeC kablo Samsung S20 S21 S22 S23 S24 ve\u00a0 Ultra serileri i\u00e7in kablo<\/h1>\n<h1>Huawei P30, P20, P20 Pro, P40 P30 Pro , Mate10; 9R, 8T; Google Pixel 2, 3, XL, 2XL; Nexus 5X, 6P; Xiaomi Mi 11 Ultra, 11Pro, Mi A2; GoPro Hero 7 \/ 6 \/ 5; Switch, HP Spectre X360, Asus Zenpad, Razer vb\u00a0 TypeC soketine sahip cihazlarla kullan\u0131labilir. Universal bir \u00fcr\u00fcnd\u00fcr.<\/h1>\n<p>&nbsp;<\/p>\n<p>&nbsp;<\/p>\n","protected":false},"excerpt":{"rendered":"<p>Genel Bak\u0131\u015f 1mt\u00a0 h\u0131zl\u0131 \u015farj TypeC kablo Samsung S20 S21 S22 S23 S24 ve\u00a0 Ultra serileri i\u00e7in kablo Huawei P30, P20, P20 Pro, P40 P30 Pro , Mate10; 9R, 8T; Google Pixel 2, 3, XL, 2XL; Nexus 5X, 6P; Xiaomi Mi 11 Ultra, 11Pro, Mi A2; GoPro Hero 7 \/ 6 \/ 5; Switch, HP&hellip;<\/p>\n","protected":false},"featured_media":1206,"comment_status":"open","ping_status":"closed","template":"","meta":[],"product_brand":[],"product_cat":[48,18,40],"product_tag":[],"class_list":{"0":"post-1208","1":"product","2":"type-product","3":"status-publish","4":"has-post-thumbnail","6":"product_cat-sarj-kablolari","7":"product_cat-type-c-kablo","8":"product_cat-s-serisi","10":"first","11":"instock","12":"taxable","13":"shipping-taxable","14":"purchasable","15":"product-type-simple","16":"col-xs-6 col-sm-4","17":"col-md-3 col-lg-2","18":"un-6-cols"},"aioseo_notices":[],"_links":{"self":[{"href":"https:\/\/uquick.net\/index.php\/wp-json\/wp\/v2\/product\/1208","targetHints":{"allow":["GET"]}}],"collection":[{"href":"https:\/\/uquick.net\/index.php\/wp-json\/wp\/v2\/product"}],"about":[{"href":"https:\/\/uquick.net\/index.php\/wp-json\/wp\/v2\/types\/product"}],"replies":[{"embeddable":true,"href":"https:\/\/uquick.net\/index.php\/wp-json\/wp\/v2\/comments?post=1208"}],"wp:featuredmedia":[{"embeddable":true,"href":"https:\/\/uquick.net\/index.php\/wp-json\/wp\/v2\/media\/1206"}],"wp:attachment":[{"href":"https:\/\/uquick.net\/index.php\/wp-json\/wp\/v2\/media?parent=1208"}],"wp:term":[{"taxonomy":"product_brand","embeddable":true,"href":"https:\/\/uquick.net\/index.php\/wp-json\/wp\/v2\/product_brand?post=1208"},{"taxonomy":"product_cat","embeddable":true,"href":"https:\/\/uquick.net\/index.php\/wp-json\/wp\/v2\/product_cat?post=1208"},{"taxonomy":"product_tag","embeddable":true,"href":"https:\/\/uquick.net\/index.php\/wp-json\/wp\/v2\/product_tag?post=1208"}],"curies":[{"name":"wp","href":"https:\/\/api.w.org\/{rel}","templated":true}]}}