{"id":1748,"date":"2025-10-23T06:12:46","date_gmt":"2025-10-23T06:12:46","guid":{"rendered":"https:\/\/uquick.net\/?post_type=product&#038;p=1748"},"modified":"2026-03-11T07:33:40","modified_gmt":"2026-03-11T07:33:40","slug":"2xusb-a-arac-ici-cakmaklik-hizli-sarj-aleti","status":"publish","type":"product","link":"https:\/\/uquick.net\/index.php\/product\/2xusb-a-arac-ici-cakmaklik-hizli-sarj-aleti\/","title":{"rendered":"2xUSB-a   Ara\u00e7 i\u00e7i \u00c7akmakl\u0131k H\u0131zl\u0131 \u015earj Aleti"},"content":{"rendered":"<ul class=\"xpDPYb\">\n<li>Model No: NCR18W<\/li>\n<li class=\"KgL16d\">Seyehat esnas\u0131nda \u015farj\u0131 biten cihazlar\u0131n\u0131z\u0131 h\u0131zl\u0131ca \u015farj edebilirsiniz.<\/li>\n<li class=\"KgL16d\">Toplamda 18W g\u00fcc\u00fc ile h\u0131zl\u0131 \u015farj ederek zamandan tasarruf etmenizi sa\u011flar.<\/li>\n<li class=\"KgL16d\">Minimal tasar\u0131m\u0131 ile \u00e7akmakl\u0131\u011f\u0131n\u0131za tam oturur.<\/li>\n<li class=\"KgL16d\">Ba\u011flant\u0131:2x Usb,<\/li>\n<li class=\"KgL16d\">Max \u015earj G\u00fcc\u00fc: 5.2V\/3A\u00a0 9V\/2A (18W).<\/li>\n<li class=\"KgL16d\">Uzunluk: 64*25mm.<\/li>\n<li>Kutu i\u00e7eri\u011fi ; Ara\u00e7 i\u00e7i \u015farj ba\u015fl\u0131\u011f\u0131 ( kablo olmadan )<\/li>\n<\/ul>\n","protected":false},"excerpt":{"rendered":"<ul class=\"xpDPYb\">\n<li>Model No: NCR18w<\/li>\n<li class=\"KgL16d\">Seyehat esnas\u0131nda \u015farj\u0131 biten cihazlar\u0131n\u0131z\u0131 h\u0131zl\u0131ca \u015farj edebilirsiniz.<\/li>\n<li class=\"KgL16d\">Toplamda 45W g\u00fcc\u00fc ile h\u0131zl\u0131 \u015farj ederek zamandan tasarruf etmenizi sa\u011flar.<\/li>\n<li class=\"KgL16d\">Minimal tasar\u0131m\u0131 ile \u00e7akmakl\u0131\u011f\u0131n\u0131za tam oturur.<\/li>\n<li class=\"KgL16d\">Ba\u011flant\u0131:2x Usb,<\/li>\n<li>Max \u015earj G\u00fcc\u00fc: 5.2V\/3A\u00a0 9V\/2A (18W).<\/li>\n<li class=\"KgL16d\">Uzunluk: 64*25mm.<\/li>\n<\/ul>\n","protected":false},"featured_media":1749,"comment_status":"open","ping_status":"closed","template":"","meta":[],"product_brand":[115],"product_cat":[114],"product_tag":[],"class_list":{"0":"post-1748","1":"product","2":"type-product","3":"status-publish","4":"has-post-thumbnail","6":"product_brand-noise","7":"product_cat-arac-basliklari","9":"first","10":"instock","11":"taxable","12":"shipping-taxable","13":"purchasable","14":"product-type-simple","15":"col-xs-6 col-sm-4","16":"col-md-3 col-lg-2","17":"un-6-cols"},"aioseo_notices":[],"_links":{"self":[{"href":"https:\/\/uquick.net\/index.php\/wp-json\/wp\/v2\/product\/1748","targetHints":{"allow":["GET"]}}],"collection":[{"href":"https:\/\/uquick.net\/index.php\/wp-json\/wp\/v2\/product"}],"about":[{"href":"https:\/\/uquick.net\/index.php\/wp-json\/wp\/v2\/types\/product"}],"replies":[{"embeddable":true,"href":"https:\/\/uquick.net\/index.php\/wp-json\/wp\/v2\/comments?post=1748"}],"wp:featuredmedia":[{"embeddable":true,"href":"https:\/\/uquick.net\/index.php\/wp-json\/wp\/v2\/media\/1749"}],"wp:attachment":[{"href":"https:\/\/uquick.net\/index.php\/wp-json\/wp\/v2\/media?parent=1748"}],"wp:term":[{"taxonomy":"product_brand","embeddable":true,"href":"https:\/\/uquick.net\/index.php\/wp-json\/wp\/v2\/product_brand?post=1748"},{"taxonomy":"product_cat","embeddable":true,"href":"https:\/\/uquick.net\/index.php\/wp-json\/wp\/v2\/product_cat?post=1748"},{"taxonomy":"product_tag","embeddable":true,"href":"https:\/\/uquick.net\/index.php\/wp-json\/wp\/v2\/product_tag?post=1748"}],"curies":[{"name":"wp","href":"https:\/\/api.w.org\/{rel}","templated":true}]}}