{"id":1758,"date":"2025-12-01T08:36:02","date_gmt":"2025-12-01T08:36:02","guid":{"rendered":"https:\/\/uquick.net\/?post_type=product&#038;p=1758"},"modified":"2026-03-11T07:33:40","modified_gmt":"2026-03-11T07:33:40","slug":"type-c-to-apple-lightning-sarj-kablosu-2-metre","status":"publish","type":"product","link":"https:\/\/uquick.net\/index.php\/product\/type-c-to-apple-lightning-sarj-kablosu-2-metre\/","title":{"rendered":"Type-C to Apple Lightning  \u015farj kablosu 2 METRE"},"content":{"rendered":"<p><strong><img loading=\"lazy\" decoding=\"async\" class=\"size-medium wp-image-330 alignleft\" src=\"https:\/\/uquick.net\/wp-content\/uploads\/2022\/08\/apple-usb-pin-243x300.png\" alt=\"\" width=\"243\" height=\"300\" srcset=\"https:\/\/uquick.net\/wp-content\/uploads\/2022\/08\/apple-usb-pin-243x300.png 243w, https:\/\/uquick.net\/wp-content\/uploads\/2022\/08\/apple-usb-pin.png 353w\" sizes=\"auto, (max-width: 243px) 100vw, 243px\" \/><\/strong><\/p>\n<p>&nbsp;<\/p>\n<p>&nbsp;<\/p>\n<p><strong>*Gold Konnekt\u00f6r ile Tam iletim sa\u011flar<\/strong><br \/>\n<strong>*Y\u00fcksek kalite soketler kullan\u0131lm\u0131\u015ft\u0131r<\/strong><br \/>\n<strong>* Ekstra kal\u0131n (4.2mm)\u00a0 ve yumu\u015fak kablosu ile tam performans sa\u011flar,<\/strong><br \/>\n<strong>*Stokta olmayan adetlerin \u00fcretimi i\u00e7in ileti\u015fime ge\u00e7ebilirsiniz.<\/strong><\/p>\n<p>&nbsp;<\/p>\n<p>&nbsp;<\/p>\n<p><img loading=\"lazy\" decoding=\"async\" class=\"size-medium wp-image-331 alignleft\" src=\"https:\/\/uquick.net\/wp-content\/uploads\/2022\/08\/Basliksiz-1-Small-300x217.png\" alt=\"\" width=\"300\" height=\"217\" srcset=\"https:\/\/uquick.net\/wp-content\/uploads\/2022\/08\/Basliksiz-1-Small-300x217.png 300w, https:\/\/uquick.net\/wp-content\/uploads\/2022\/08\/Basliksiz-1-Small-600x434.png 600w, https:\/\/uquick.net\/wp-content\/uploads\/2022\/08\/Basliksiz-1-Small.png 664w\" sizes=\"auto, (max-width: 300px) 100vw, 300px\" \/><\/p>\n<p>* Ak\u0131ll\u0131 \u00e7ip sistemi ile ciha\u0131n\u0131z\u0131n olas\u0131 sorunlara kar\u015f\u0131 g\u00fcvenli\u011fini sa\u011flar. Elektrik dengesizli\u011fi yada adapt\u00f6r ar\u0131zalar\u0131nda , g\u00fcvenlik cipleri devreye girer ve cihaz\u0131n\u0131z\u0131n ba\u011flant\u0131s\u0131n\u0131 otomatik keser.<\/p>\n<p>*D\u00fczenli \u015farj ak\u0131m\u0131 ile batarya \u00f6mr\u00fcn\u00fc korur.<\/p>\n<p>&nbsp;<\/p>\n<p>&nbsp;<\/p>\n<p>&nbsp;<\/p>\n<p>&nbsp;<\/p>\n<p style=\"text-align: center;\"><strong>Daha fazla \u00fcr\u00fcn talebi i\u00e7in ileti\u015fime ge\u00e7iniz\u00a0<\/strong><\/p>\n","protected":false},"excerpt":{"rendered":"<p><strong>Model NO:PDLE200<\/strong><br \/>\n<strong>\u00dcr\u00fcn Tipi:<\/strong> \u015earj ve Data Kablosu<br \/>\n<strong>Uyumlu Marka:<\/strong> lightning\u00a0 Giri\u015fli ipad ve iphone Cihazlara Uyumludur.<br \/>\n<strong>Uzunluk:<\/strong> 2 metre<br \/>\n<strong>\u00c7\u0131k\u0131\u015f voltaj\u0131 ve Ak\u0131m\u0131:<\/strong> 5 V\/9V 27Wat<br \/>\n<strong>Data aktar\u0131m\u0131<\/strong> : 480Mbps<br \/>\n<strong>Kablo iletkeni<\/strong>: Bak\u0131r<br \/>\n<strong>Ba\u011flant\u0131lar:<\/strong> Type-C &#8211; Lighthtning<br \/>\n<strong>\u00dcretici Garantisi:<\/strong> 2 Y\u0131l<br \/>\n<strong>\u00dcretim yeri<\/strong> T\u00fcrkiye<\/p>\n","protected":false},"featured_media":1136,"comment_status":"open","ping_status":"closed","template":"","meta":[],"product_brand":[115],"product_cat":[48,19,39,33],"product_tag":[],"class_list":{"0":"post-1758","1":"product","2":"type-product","3":"status-publish","4":"has-post-thumbnail","6":"product_brand-noise","7":"product_cat-sarj-kablolari","8":"product_cat-lightning-kablo","9":"product_cat-e-serisi","10":"product_cat-promosyon-ve-markalama","12":"first","13":"instock","14":"taxable","15":"shipping-taxable","16":"purchasable","17":"product-type-simple","18":"col-xs-6 col-sm-4","19":"col-md-3 col-lg-2","20":"un-6-cols"},"aioseo_notices":[],"_links":{"self":[{"href":"https:\/\/uquick.net\/index.php\/wp-json\/wp\/v2\/product\/1758","targetHints":{"allow":["GET"]}}],"collection":[{"href":"https:\/\/uquick.net\/index.php\/wp-json\/wp\/v2\/product"}],"about":[{"href":"https:\/\/uquick.net\/index.php\/wp-json\/wp\/v2\/types\/product"}],"replies":[{"embeddable":true,"href":"https:\/\/uquick.net\/index.php\/wp-json\/wp\/v2\/comments?post=1758"}],"wp:featuredmedia":[{"embeddable":true,"href":"https:\/\/uquick.net\/index.php\/wp-json\/wp\/v2\/media\/1136"}],"wp:attachment":[{"href":"https:\/\/uquick.net\/index.php\/wp-json\/wp\/v2\/media?parent=1758"}],"wp:term":[{"taxonomy":"product_brand","embeddable":true,"href":"https:\/\/uquick.net\/index.php\/wp-json\/wp\/v2\/product_brand?post=1758"},{"taxonomy":"product_cat","embeddable":true,"href":"https:\/\/uquick.net\/index.php\/wp-json\/wp\/v2\/product_cat?post=1758"},{"taxonomy":"product_tag","embeddable":true,"href":"https:\/\/uquick.net\/index.php\/wp-json\/wp\/v2\/product_tag?post=1758"}],"curies":[{"name":"wp","href":"https:\/\/api.w.org\/{rel}","templated":true}]}}