{"id":211,"date":"2022-08-06T20:57:12","date_gmt":"2022-08-06T20:57:12","guid":{"rendered":"https:\/\/uquick.net\/?post_type=product&#038;p=211"},"modified":"2026-02-14T09:06:14","modified_gmt":"2026-02-14T09:06:14","slug":"em100-micro-usb-sarj-kablosu-1-metre","status":"publish","type":"product","link":"https:\/\/uquick.net\/index.php\/product\/em100-micro-usb-sarj-kablosu-1-metre\/","title":{"rendered":"MICRO USB 1 metre  H\u0131zl\u0131 \u015farj kablosu"},"content":{"rendered":"<p><center><div style=\"width: 181px;\" class=\"wp-video\"><!--[if lt IE 9]><script>document.createElement('video');<\/script><![endif]-->\n<video class=\"wp-video-shortcode\" id=\"video-211-1\" width=\"181\" height=\"320\" preload=\"metadata\" controls=\"controls\"><source type=\"video\/mp4\" src=\"https:\/\/uquick.net\/wp-content\/uploads\/2022\/08\/EM100B.mp4?_=1\" \/><a href=\"https:\/\/uquick.net\/wp-content\/uploads\/2022\/08\/EM100B.mp4\">https:\/\/uquick.net\/wp-content\/uploads\/2022\/08\/EM100B.mp4<\/a><\/video><\/div>\n<p><strong>\u00dcr\u00fcn Tipi:<\/strong> \u015earj ve Data Kablosu<br \/>\n<strong>Uyumlu Marka:<\/strong> T\u00fcm Micro USB Giri\u015fli Cihazlara Uyumludur.<br \/>\n<strong>Uzunluk:<\/strong> 1 metre<br \/>\n<strong>\u00c7\u0131k\u0131\u015f voltaj\u0131 ve Ak\u0131m\u0131:<\/strong> 5 V &#8211; 2A<br \/>\n<strong>Data aktar\u0131m\u0131<\/strong> : 480Mbps<br \/>\n<strong>Kablo iletkeni<\/strong>: Bak\u0131r<br \/>\n<strong>Ba\u011flant\u0131lar:<\/strong> USB- Micro USB<br \/>\n<strong>\u00dcretici Garantisi:<\/strong> 2 Y\u0131l<br \/>\n<strong>\u00dcretim yeri<\/strong> T\u00fcrkiye<br \/>\n<strong>*Toplu al\u0131mda bir kolide 30 adet \u00fcr\u00fcn bulunmaktad\u0131r.<br \/>\n<strong>*Micro USB \u015earj Kablosu, Micro usb soketli t\u00fcm cihazlara uyumludur. Cep telefonlar\u0131 , PS3 konsollar\u0131, m\u00fczik \u00e7alar vb bir\u00e7ok micro giri\u015fli cihazda kullanabilirmisiniz.<\/strong><\/strong><\/p>\n<p>&nbsp;<\/p>\n<p>&nbsp;<\/p>\n<p>&nbsp;<\/p>\n<p>&nbsp;<\/p>\n<p><\/center><\/p>\n","protected":false},"excerpt":{"rendered":"<p><strong>Model NO:EM100<\/strong><br \/>\n<strong>\u00dcr\u00fcn Tipi:<\/strong> \u015earj ve Data Kablosu<br \/>\n<strong>Uyumlu Marka:<\/strong> T\u00fcm Micro USB Giri\u015fli Cihazlara Uyumludur.<br \/>\n<strong>Uzunluk:<\/strong> 1 metre<br \/>\n<strong>\u00c7\u0131k\u0131\u015f voltaj\u0131 ve Ak\u0131m\u0131:<\/strong> 5 V &#8211; 2A<br \/>\n<strong>Data aktar\u0131m\u0131<\/strong> : 480Mbps<br \/>\n<strong>Kablo iletkeni<\/strong>: Bak\u0131r<br \/>\n<strong>Ba\u011flant\u0131lar:<\/strong> USB- Micro USB<br \/>\n<strong>\u00dcretici Garantisi:<\/strong> 2 Y\u0131l<br \/>\n<strong>\u00dcretim yeri<\/strong> T\u00fcrkiye<\/p>\n","protected":false},"featured_media":212,"comment_status":"open","ping_status":"closed","template":"","meta":[],"product_brand":[],"product_cat":[48,17,39],"product_tag":[],"class_list":{"0":"post-211","1":"product","2":"type-product","3":"status-publish","4":"has-post-thumbnail","6":"product_cat-sarj-kablolari","7":"product_cat-mikro-usb","8":"product_cat-e-serisi","10":"first","11":"instock","12":"taxable","13":"shipping-taxable","14":"purchasable","15":"product-type-simple","16":"col-xs-6 col-sm-4","17":"col-md-3 col-lg-2","18":"un-6-cols"},"aioseo_notices":[],"_links":{"self":[{"href":"https:\/\/uquick.net\/index.php\/wp-json\/wp\/v2\/product\/211","targetHints":{"allow":["GET"]}}],"collection":[{"href":"https:\/\/uquick.net\/index.php\/wp-json\/wp\/v2\/product"}],"about":[{"href":"https:\/\/uquick.net\/index.php\/wp-json\/wp\/v2\/types\/product"}],"replies":[{"embeddable":true,"href":"https:\/\/uquick.net\/index.php\/wp-json\/wp\/v2\/comments?post=211"}],"wp:featuredmedia":[{"embeddable":true,"href":"https:\/\/uquick.net\/index.php\/wp-json\/wp\/v2\/media\/212"}],"wp:attachment":[{"href":"https:\/\/uquick.net\/index.php\/wp-json\/wp\/v2\/media?parent=211"}],"wp:term":[{"taxonomy":"product_brand","embeddable":true,"href":"https:\/\/uquick.net\/index.php\/wp-json\/wp\/v2\/product_brand?post=211"},{"taxonomy":"product_cat","embeddable":true,"href":"https:\/\/uquick.net\/index.php\/wp-json\/wp\/v2\/product_cat?post=211"},{"taxonomy":"product_tag","embeddable":true,"href":"https:\/\/uquick.net\/index.php\/wp-json\/wp\/v2\/product_tag?post=211"}],"curies":[{"name":"wp","href":"https:\/\/api.w.org\/{rel}","templated":true}]}}