{"id":241,"date":"2022-08-11T13:58:46","date_gmt":"2022-08-11T13:58:46","guid":{"rendered":"https:\/\/uquick.net\/?post_type=product&#038;p=241"},"modified":"2025-09-28T16:21:34","modified_gmt":"2025-09-28T16:21:34","slug":"50li-paket-micro-usb-sarj-kablosu-1-metre-em100","status":"publish","type":"product","link":"https:\/\/uquick.net\/index.php\/product\/50li-paket-micro-usb-sarj-kablosu-1-metre-em100\/","title":{"rendered":"KUTUSUZ 1 Metre 50&#8217;li Paket Micro Kablo"},"content":{"rendered":"<p><strong>\u00dcr\u00fcn Tipi:<\/strong> \u015earj ve Data Kablosu<br \/>\n<strong>Uyumlu Marka:<\/strong> T\u00fcm Micro USB Giri\u015fli Cihazlara Uyumludur.<br \/>\n<strong>Uzunluk:<\/strong> 1 metre<br \/>\n<strong>\u00c7\u0131k\u0131\u015f voltaj\u0131 ve Ak\u0131m\u0131:<\/strong> 5 V &#8211; 2A<br \/>\n<strong>Data aktar\u0131m\u0131<\/strong> : 480Mbps<br \/>\n<strong>Kablo iletkeni<\/strong>: Bak\u0131r<br \/>\n<strong>Ba\u011flant\u0131lar:<\/strong> USB- Micro USB<br \/>\n<strong>\u00dcretici Garantisi:<\/strong> 2 Y\u0131l<br \/>\n<strong>\u00dcretim yeri<\/strong> T\u00fcrkiye<br \/>\n<strong>*Toplu al\u0131mda bir kolide 30 adet \u00fcr\u00fcn bulunmaktad\u0131r.<br \/>\n<strong>*Micro USB \u015earj Kablosu, Micro usb soketli t\u00fcm cihazlara uyumludur. Cep telefonlar\u0131 , PS3 konsollar\u0131, m\u00fczik \u00e7alar vb bir\u00e7ok micro giri\u015fli cihazda kullanabilirmisiniz.<\/strong><\/strong><br \/>\n<strong>*Kaliteli<\/strong><br \/>\n<strong>*%100 Test<\/strong><\/p>\n","protected":false},"excerpt":{"rendered":"<p><strong>Model No:<\/strong> EM100-P<br \/>\n<strong>\u00dcr\u00fcn 50&#8217;li pakette Toplu olarak tek po\u015fette Kutusuz sat\u0131l\u0131r.<\/strong><br \/>\n<strong>\u00dcr\u00fcn Tipi:<\/strong> \u015earj ve Data Kablosu<br \/>\n<strong>Uyumlu Marka:<\/strong> T\u00fcm Micro USB Giri\u015fli Cihazlara Uyumludur.<br \/>\n<strong>Uzunluk:<\/strong> 1 metre<br \/>\n<strong>\u00c7\u0131k\u0131\u015f voltaj\u0131 ve Ak\u0131m\u0131:<\/strong> 5 V &#8211; 2A<br \/>\n<strong>Data aktar\u0131m\u0131<\/strong> : 480Mbps<br \/>\n<strong>Kablo iletkeni<\/strong>: Bak\u0131r<br \/>\n<strong>Ba\u011flant\u0131lar:<\/strong> USB- Micro USB<br \/>\n<strong>\u00dcretici Garantisi:<\/strong> 2 Y\u0131l<br \/>\n<strong>\u00dcretim yeri<\/strong> T\u00fcrkiye<\/p>\n","protected":false},"featured_media":444,"comment_status":"open","ping_status":"closed","template":"","meta":[],"product_brand":[],"product_cat":[48,17,39],"product_tag":[42],"class_list":{"0":"post-241","1":"product","2":"type-product","3":"status-publish","4":"has-post-thumbnail","6":"product_cat-sarj-kablolari","7":"product_cat-mikro-usb","8":"product_cat-e-serisi","9":"product_tag-50li","11":"first","12":"instock","13":"taxable","14":"shipping-taxable","15":"purchasable","16":"product-type-variable","17":"col-xs-6 col-sm-4","18":"col-md-3 col-lg-2","19":"un-6-cols"},"aioseo_notices":[],"_links":{"self":[{"href":"https:\/\/uquick.net\/index.php\/wp-json\/wp\/v2\/product\/241","targetHints":{"allow":["GET"]}}],"collection":[{"href":"https:\/\/uquick.net\/index.php\/wp-json\/wp\/v2\/product"}],"about":[{"href":"https:\/\/uquick.net\/index.php\/wp-json\/wp\/v2\/types\/product"}],"replies":[{"embeddable":true,"href":"https:\/\/uquick.net\/index.php\/wp-json\/wp\/v2\/comments?post=241"}],"wp:featuredmedia":[{"embeddable":true,"href":"https:\/\/uquick.net\/index.php\/wp-json\/wp\/v2\/media\/444"}],"wp:attachment":[{"href":"https:\/\/uquick.net\/index.php\/wp-json\/wp\/v2\/media?parent=241"}],"wp:term":[{"taxonomy":"product_brand","embeddable":true,"href":"https:\/\/uquick.net\/index.php\/wp-json\/wp\/v2\/product_brand?post=241"},{"taxonomy":"product_cat","embeddable":true,"href":"https:\/\/uquick.net\/index.php\/wp-json\/wp\/v2\/product_cat?post=241"},{"taxonomy":"product_tag","embeddable":true,"href":"https:\/\/uquick.net\/index.php\/wp-json\/wp\/v2\/product_tag?post=241"}],"curies":[{"name":"wp","href":"https:\/\/api.w.org\/{rel}","templated":true}]}}