{"id":274,"date":"2022-08-14T18:58:06","date_gmt":"2022-08-14T18:58:06","guid":{"rendered":"https:\/\/uquick.net\/?post_type=product&#038;p=274"},"modified":"2025-09-28T16:49:33","modified_gmt":"2025-09-28T16:49:33","slug":"micro-usb-sarj-kablosu-120cm-metal-baslikli-pm120","status":"publish","type":"product","link":"https:\/\/uquick.net\/index.php\/product\/micro-usb-sarj-kablosu-120cm-metal-baslikli-pm120\/","title":{"rendered":"PM120 120cm Micro usb \u015farj kablosu  Metal Ba\u015fl\u0131kl\u0131"},"content":{"rendered":"<p><strong>\u00dcr\u00fcn Tipi:<\/strong> \u015earj ve Data Kablosu<br \/>\n<strong>Uyumlu Marka:<\/strong> T\u00fcm Micro USB Giri\u015fli Cihazlara Uyumludur.<br \/>\n<strong>Uzunluk:<\/strong> 1,2 metre<br \/>\n<strong>\u00c7\u0131k\u0131\u015f voltaj\u0131 ve Ak\u0131m\u0131:<\/strong> 5 V &#8211; 2A<br \/>\n<strong>Data aktar\u0131m\u0131<\/strong> : 480Mbps<br \/>\n<strong>Kablo iletkeni<\/strong>: Bak\u0131r<br \/>\n<strong>Ba\u011flant\u0131lar:<\/strong> USB- Micro USB<br \/>\n<strong>\u00dcretici Garantisi:<\/strong> 2 Y\u0131l<br \/>\n<strong>\u00dcretim yeri<\/strong> T\u00fcrkiye<\/p>\n","protected":false},"excerpt":{"rendered":"<p><strong>\u00dcr\u00fcn Tipi:<\/strong> \u015earj ve Data Kablosu<br \/>\n<strong>Uyumlu Marka:<\/strong> T\u00fcm Micro USB Giri\u015fli Cihazlara Uyumludur.<br \/>\n<strong>Uzunluk:<\/strong> 120CM<br \/>\n<strong>\u00c7\u0131k\u0131\u015f voltaj\u0131 ve Ak\u0131m\u0131:<\/strong> 5 V &#8211; 2A<br \/>\n<strong>Data aktar\u0131m\u0131<\/strong> : 480Mbps<br \/>\n<strong>Kablo iletkeni<\/strong>: Bak\u0131r<br \/>\n<strong>Ba\u011flant\u0131lar:<\/strong> USB- Micro USB<br \/>\n<strong>\u00dcretici Garantisi:<\/strong> 2 Y\u0131l<br \/>\n<strong>\u00dcretim yeri<\/strong> T\u00fcrkiye<\/p>\n","protected":false},"featured_media":281,"comment_status":"open","ping_status":"closed","template":"","meta":[],"product_brand":[],"product_cat":[48,17],"product_tag":[],"class_list":{"0":"post-274","1":"product","2":"type-product","3":"status-publish","4":"has-post-thumbnail","6":"product_cat-sarj-kablolari","7":"product_cat-mikro-usb","9":"first","10":"outofstock","11":"taxable","12":"shipping-taxable","13":"purchasable","14":"product-type-variable","15":"has-default-attributes","16":"col-xs-6 col-sm-4","17":"col-md-3 col-lg-2","18":"un-6-cols"},"aioseo_notices":[],"_links":{"self":[{"href":"https:\/\/uquick.net\/index.php\/wp-json\/wp\/v2\/product\/274","targetHints":{"allow":["GET"]}}],"collection":[{"href":"https:\/\/uquick.net\/index.php\/wp-json\/wp\/v2\/product"}],"about":[{"href":"https:\/\/uquick.net\/index.php\/wp-json\/wp\/v2\/types\/product"}],"replies":[{"embeddable":true,"href":"https:\/\/uquick.net\/index.php\/wp-json\/wp\/v2\/comments?post=274"}],"wp:featuredmedia":[{"embeddable":true,"href":"https:\/\/uquick.net\/index.php\/wp-json\/wp\/v2\/media\/281"}],"wp:attachment":[{"href":"https:\/\/uquick.net\/index.php\/wp-json\/wp\/v2\/media?parent=274"}],"wp:term":[{"taxonomy":"product_brand","embeddable":true,"href":"https:\/\/uquick.net\/index.php\/wp-json\/wp\/v2\/product_brand?post=274"},{"taxonomy":"product_cat","embeddable":true,"href":"https:\/\/uquick.net\/index.php\/wp-json\/wp\/v2\/product_cat?post=274"},{"taxonomy":"product_tag","embeddable":true,"href":"https:\/\/uquick.net\/index.php\/wp-json\/wp\/v2\/product_tag?post=274"}],"curies":[{"name":"wp","href":"https:\/\/api.w.org\/{rel}","templated":true}]}}