{"id":382,"date":"2022-08-15T20:57:32","date_gmt":"2022-08-15T20:57:32","guid":{"rendered":"https:\/\/uquick.net\/?post_type=product&#038;p=382"},"modified":"2026-02-14T09:06:16","modified_gmt":"2026-02-14T09:06:16","slug":"micro-usb-sarj-kablosu-120cm-metal-baslikli","status":"publish","type":"product","link":"https:\/\/uquick.net\/index.php\/product\/micro-usb-sarj-kablosu-120cm-metal-baslikli\/","title":{"rendered":"1.2Metre Micro usb H\u0131zl\u0131 \u015earj kablosu (Metal Ba\u015fl\u0131kl\u0131)"},"content":{"rendered":"<p><strong>*Y\u00fcksek kalite soketler kullan\u0131lm\u0131\u015ft\u0131r<\/strong><br \/>\n<strong>* Ekstra kal\u0131n (4.2mm)\u00a0 ve yumu\u015fak kablosu ile tam performans sa\u011flar,<\/strong><br \/>\n<strong>*Standart kablolardan 20cm uzun olmas\u0131 kullan\u0131m rahatl\u0131\u011f\u0131 sa\u011flamaktad\u0131r.<\/strong><br \/>\n<strong>*Belirli adetler \u00fczerine ba\u015fl\u0131k \u00fczeri markaland\u0131r\u0131labilir.<\/strong><br \/>\n<strong>*Stokta olmayan adetlerin \u00fcretimi i\u00e7in ileti\u015fime ge\u00e7ebilirsiniz.<\/strong><br \/>\n<strong>*Vakumlu pencereli kutu ile g\u00f6nderim yap\u0131lmaktad\u0131r.<\/strong><br \/>\n<strong>*Toplu al\u0131mda bir kolide 30 adet \u00fcr\u00fcn bulunmaktad\u0131r.<br \/>\n<strong>*Micro USB \u015earj Kablosu, Micro usb soketli t\u00fcm cihazlara uyumludur. Cep telefonlar\u0131 , PS3 konsollar\u0131, m\u00fczik \u00e7alar vb bir\u00e7ok micro giri\u015fli cihazda kullanabilirmisiniz.<\/strong><\/strong><\/p>\n<p><strong>Daha fazla \u00fcr\u00fcn talebi i\u00e7in ileti\u015fime ge\u00e7iniz.<\/strong><\/p>\n<h3><strong>200 ADET \u00dcZER\u0130 AL\u00dcM\u0130NYUM KAPA\u011eA BASKI YAPILAB\u0130L\u0130R<\/strong>.<\/h3>\n","protected":false},"excerpt":{"rendered":"<p><strong>Model No:<\/strong> NM120<br \/>\n<strong>\u00dcr\u00fcn Tipi:<\/strong> \u015earj ve Data Kablosu<br \/>\n<strong>Uyumlu Marka:<\/strong>T\u00fcm Micro USB giri\u015fli Cihazlara Uyumludur.<br \/>\n<strong>Uzunluk:<\/strong> 1,2 metre<br \/>\n<strong>\u00c7\u0131k\u0131\u015f voltaj\u0131 ve Ak\u0131m\u0131:<\/strong> 5 V &#8211; 2A<br \/>\n<strong>Data aktar\u0131m\u0131<\/strong> : 480Mbps<br \/>\n<strong>Kablo iletkeni<\/strong>: Bak\u0131r<br \/>\n<strong>Ba\u011flant\u0131lar:<\/strong> USB- A\u00a0 &#8211;\u00a0 \u00a0Micro USB<br \/>\n<strong>\u00dcretici Garantisi:<\/strong> 2 Y\u0131l<br \/>\n<strong>\u00dcretim yeri<\/strong> T\u00fcrkiye<\/p>\n","protected":false},"featured_media":1102,"comment_status":"open","ping_status":"closed","template":"","meta":[],"product_brand":[],"product_cat":[48,17,38,33],"product_tag":[],"class_list":{"0":"post-382","1":"product","2":"type-product","3":"status-publish","4":"has-post-thumbnail","6":"product_cat-sarj-kablolari","7":"product_cat-mikro-usb","8":"product_cat-n-serisi","9":"product_cat-promosyon-ve-markalama","11":"first","12":"instock","13":"taxable","14":"shipping-taxable","15":"purchasable","16":"product-type-simple","17":"col-xs-6 col-sm-4","18":"col-md-3 col-lg-2","19":"un-6-cols"},"aioseo_notices":[],"_links":{"self":[{"href":"https:\/\/uquick.net\/index.php\/wp-json\/wp\/v2\/product\/382","targetHints":{"allow":["GET"]}}],"collection":[{"href":"https:\/\/uquick.net\/index.php\/wp-json\/wp\/v2\/product"}],"about":[{"href":"https:\/\/uquick.net\/index.php\/wp-json\/wp\/v2\/types\/product"}],"replies":[{"embeddable":true,"href":"https:\/\/uquick.net\/index.php\/wp-json\/wp\/v2\/comments?post=382"}],"wp:featuredmedia":[{"embeddable":true,"href":"https:\/\/uquick.net\/index.php\/wp-json\/wp\/v2\/media\/1102"}],"wp:attachment":[{"href":"https:\/\/uquick.net\/index.php\/wp-json\/wp\/v2\/media?parent=382"}],"wp:term":[{"taxonomy":"product_brand","embeddable":true,"href":"https:\/\/uquick.net\/index.php\/wp-json\/wp\/v2\/product_brand?post=382"},{"taxonomy":"product_cat","embeddable":true,"href":"https:\/\/uquick.net\/index.php\/wp-json\/wp\/v2\/product_cat?post=382"},{"taxonomy":"product_tag","embeddable":true,"href":"https:\/\/uquick.net\/index.php\/wp-json\/wp\/v2\/product_tag?post=382"}],"curies":[{"name":"wp","href":"https:\/\/api.w.org\/{rel}","templated":true}]}}