{"id":445,"date":"2022-08-19T13:33:18","date_gmt":"2022-08-19T13:33:18","guid":{"rendered":"https:\/\/uquick.net\/?post_type=product&#038;p=445"},"modified":"2025-09-28T16:20:54","modified_gmt":"2025-09-28T16:20:54","slug":"50li-paket-type-c-sarj-kablosu-100cm-et100-2","status":"publish","type":"product","link":"https:\/\/uquick.net\/index.php\/product\/50li-paket-type-c-sarj-kablosu-100cm-et100-2\/","title":{"rendered":"KUTUSUZ 1 Metre 50&#8217;li Paket TYPE-C Kablo"},"content":{"rendered":"<p><strong>\u00dcr\u00fcn Tipi:<\/strong>\u00a0\u015earj ve Data Kablosu<br \/>\n<strong>Uyumlu Marka:<\/strong>\u00a0T\u00fcm Type-C Giri\u015fli Cihazlara Uyumludur.<br \/>\n<strong>Uzunluk:<\/strong>\u00a01 metre<br \/>\n<strong>Paket \u0130\u00e7eri\u011fi:<\/strong> 50 Adet\u00a0 1m Type-c Kablo<br \/>\n<strong>\u00c7\u0131k\u0131\u015f voltaj\u0131 ve Ak\u0131m\u0131:<\/strong>\u00a05 V \u2013 2A<br \/>\n<strong>Data aktar\u0131m\u0131<\/strong>\u00a0: 480Mbps<br \/>\n<strong>Kablo iletkeni<\/strong>: Bak\u0131r<br \/>\n<strong>Ba\u011flant\u0131lar:<\/strong>\u00a0USB- Type-C<br \/>\n<strong>\u00dcretici Garantisi:<\/strong>\u00a02 Y\u0131l<br \/>\n<strong>\u00dcretim yeri<\/strong>\u00a0T\u00fcrkiye<\/p>\n<p><strong>Paketleme:<\/strong> \u00dcr\u00fcn 50li\u00a0 klipsli po\u015fet ile tek tek sar\u0131l\u0131 \u015fekilde g\u00f6nderilir.<\/p>\n","protected":false},"excerpt":{"rendered":"<p><strong>\u00dcr\u00fcn Tipi:<\/strong> \u015earj ve Data Kablosu<br \/>\n<strong>Uyumlu Marka:<\/strong> T\u00fcm Type-C Giri\u015fli Cihazlara Uyumludur.<br \/>\n<strong>Uzunluk:<\/strong> 1 metre<br \/>\n<strong>\u00c7\u0131k\u0131\u015f voltaj\u0131 ve Ak\u0131m\u0131:<\/strong> 5 V -12V\u00a0 &#8211; 2A<br \/>\n<strong>Data aktar\u0131m\u0131<\/strong> : 480Mbps<br \/>\n<strong>Kablo iletkeni<\/strong>: Bak\u0131r<br \/>\n<strong>Ba\u011flant\u0131lar:<\/strong> USB- Type-C<br \/>\n<strong>\u00dcretici Garantisi:<\/strong> 2 Y\u0131l<br \/>\n<strong>\u00dcretim yeri<\/strong> T\u00fcrkiye<\/p>\n","protected":false},"featured_media":440,"comment_status":"open","ping_status":"closed","template":"","meta":[],"product_brand":[],"product_cat":[48,18,39],"product_tag":[43],"class_list":{"0":"post-445","1":"product","2":"type-product","3":"status-publish","4":"has-post-thumbnail","6":"product_cat-sarj-kablolari","7":"product_cat-type-c-kablo","8":"product_cat-e-serisi","9":"product_tag-yen","11":"first","12":"instock","13":"taxable","14":"shipping-taxable","15":"purchasable","16":"product-type-variable","17":"has-default-attributes","18":"col-xs-6 col-sm-4","19":"col-md-3 col-lg-2","20":"un-6-cols"},"aioseo_notices":[],"_links":{"self":[{"href":"https:\/\/uquick.net\/index.php\/wp-json\/wp\/v2\/product\/445","targetHints":{"allow":["GET"]}}],"collection":[{"href":"https:\/\/uquick.net\/index.php\/wp-json\/wp\/v2\/product"}],"about":[{"href":"https:\/\/uquick.net\/index.php\/wp-json\/wp\/v2\/types\/product"}],"replies":[{"embeddable":true,"href":"https:\/\/uquick.net\/index.php\/wp-json\/wp\/v2\/comments?post=445"}],"wp:featuredmedia":[{"embeddable":true,"href":"https:\/\/uquick.net\/index.php\/wp-json\/wp\/v2\/media\/440"}],"wp:attachment":[{"href":"https:\/\/uquick.net\/index.php\/wp-json\/wp\/v2\/media?parent=445"}],"wp:term":[{"taxonomy":"product_brand","embeddable":true,"href":"https:\/\/uquick.net\/index.php\/wp-json\/wp\/v2\/product_brand?post=445"},{"taxonomy":"product_cat","embeddable":true,"href":"https:\/\/uquick.net\/index.php\/wp-json\/wp\/v2\/product_cat?post=445"},{"taxonomy":"product_tag","embeddable":true,"href":"https:\/\/uquick.net\/index.php\/wp-json\/wp\/v2\/product_tag?post=445"}],"curies":[{"name":"wp","href":"https:\/\/api.w.org\/{rel}","templated":true}]}}