{"id":449,"date":"2022-08-22T08:13:43","date_gmt":"2022-08-22T08:13:43","guid":{"rendered":"https:\/\/uquick.net\/?post_type=product&#038;p=449"},"modified":"2026-02-13T08:33:10","modified_gmt":"2026-02-13T08:33:10","slug":"bir-ucu-acik-usb-kablo","status":"publish","type":"product","link":"https:\/\/uquick.net\/index.php\/product\/bir-ucu-acik-usb-kablo\/","title":{"rendered":"Bir ucu a\u00e7\u0131k USB G\u00fc\u00e7 Kablo"},"content":{"rendered":"<p><strong>\u00dcr\u00fcn Tipi:<\/strong> \u015earj ve Data Kablosu<br \/>\n<strong>Uyumluluk<\/strong><br \/>\n<strong>Uzunluk:<\/strong> 1 metre<br \/>\n<strong>\u00c7\u0131k\u0131\u015f voltaj\u0131 ve Ak\u0131m\u0131:<\/strong> 5 V &#8211; 2A<br \/>\n<strong>Kablo iletkeni<\/strong>: %100 Bak\u0131r<br \/>\n<strong>Ba\u011flant\u0131lar:<\/strong> USB-A<br \/>\n<strong>\u00dcretim yeri<\/strong> T\u00fcrkiye<\/p>\n<p><b>\u00d6zel uzunluktaki sipari\u015fler i\u00e7in ileti\u015fime geciniz.<\/b><\/p>\n","protected":false},"excerpt":{"rendered":"<p>K\u0131rm\u0131z\u0131 : VCC + Kutup<\/p>\n<p>Siyah : GND\u00a0 &#8211;\u00a0 Kutup<\/p>\n","protected":false},"featured_media":656,"comment_status":"open","ping_status":"closed","template":"","meta":[],"product_brand":[],"product_cat":[48],"product_tag":[],"class_list":{"0":"post-449","1":"product","2":"type-product","3":"status-publish","4":"has-post-thumbnail","6":"product_cat-sarj-kablolari","8":"first","9":"outofstock","10":"taxable","11":"shipping-taxable","12":"purchasable","13":"product-type-simple","14":"col-xs-6 col-sm-4","15":"col-md-3 col-lg-2","16":"un-6-cols"},"aioseo_notices":[],"_links":{"self":[{"href":"https:\/\/uquick.net\/index.php\/wp-json\/wp\/v2\/product\/449","targetHints":{"allow":["GET"]}}],"collection":[{"href":"https:\/\/uquick.net\/index.php\/wp-json\/wp\/v2\/product"}],"about":[{"href":"https:\/\/uquick.net\/index.php\/wp-json\/wp\/v2\/types\/product"}],"replies":[{"embeddable":true,"href":"https:\/\/uquick.net\/index.php\/wp-json\/wp\/v2\/comments?post=449"}],"wp:featuredmedia":[{"embeddable":true,"href":"https:\/\/uquick.net\/index.php\/wp-json\/wp\/v2\/media\/656"}],"wp:attachment":[{"href":"https:\/\/uquick.net\/index.php\/wp-json\/wp\/v2\/media?parent=449"}],"wp:term":[{"taxonomy":"product_brand","embeddable":true,"href":"https:\/\/uquick.net\/index.php\/wp-json\/wp\/v2\/product_brand?post=449"},{"taxonomy":"product_cat","embeddable":true,"href":"https:\/\/uquick.net\/index.php\/wp-json\/wp\/v2\/product_cat?post=449"},{"taxonomy":"product_tag","embeddable":true,"href":"https:\/\/uquick.net\/index.php\/wp-json\/wp\/v2\/product_tag?post=449"}],"curies":[{"name":"wp","href":"https:\/\/api.w.org\/{rel}","templated":true}]}}